{"id":2323,"date":"2019-02-03T21:52:20","date_gmt":"2019-02-03T21:52:20","guid":{"rendered":"https:\/\/iroko.org\/?page_id=2323"},"modified":"2021-12-14T15:50:55","modified_gmt":"2021-12-14T15:50:55","slug":"about","status":"publish","type":"page","link":"https:\/\/iroko.org\/en\/about\/","title":{"rendered":"About us"},"content":{"rendered":"\n<div class=\"collapse-container\">\n  <button class=\"collapse-button\" type=\"button\" data-toggle=\"collapse\"\n    data-target=\"#collapse-BIPoy4\"\n    aria-expanded=\"true\"\n    aria-controls=\"collapse-BIPoy4\">\n    OUR MISSION  <\/button>\n  <div id=\"collapse-BIPoy4\"\n    class=\"collapse collapse-info show\">\n    <p>Rico en su diversidad, su historia, sus talentos y de la curiosidad de los que lo hacen vivir, el cine cubano es hoy demasiado confidencial y no ocupa el lugar que merece en la escena internacional. Partiendo de este hecho, IROKO se ha fijado como objetivo hacer brillar el cine cubano. Asegurar su representaci\u00f3n y su promoci\u00f3n tanto para cin\u00e9filos aficionados como profesionales a trav\u00e9s de una plataforma web que extiende su acci\u00f3n a festivales y busca medios concretos de acci\u00f3n para sostener la producci\u00f3n, la promoci\u00f3n y la difusi\u00f3n del cine cubano.<\/p>\n<p>Under the French law of 1901 on associations, its management is disinterested, its mission being recognized as being of general interest and non-profit. Thus, all the profits that can be made will be allocated to the financing of the support actions that the association intends to carry out.<\/p>\n  <\/div>\n<\/div>\n\n\n<div class=\"collapse-container\">\n  <button class=\"collapse-button\" type=\"button\" data-toggle=\"collapse\"\n    data-target=\"#collapse-67HtK0\"\n    aria-expanded=\"false\"\n    aria-controls=\"collapse-67HtK0\">\n    OUR  SERVICES  <\/button>\n  <div id=\"collapse-67HtK0\"\n    class=\"collapse collapse-info \">\n    <h4>Web platform dedicated to the promotion and dissemination of Cuban cinema<\/h4>\n<p>A web platform (Spa\/French\/Eng) centralizing information on Cuban cinematographic productions, which aims to guarantee access to them worldwide.<\/p>\n<ul>\n<li>Referencing of Cuban cinema<\/li>\n<li>VOD offer:\n<ul>\n<li>Rental \/ Sales<\/li>\n<li>Films for Free<\/li>\n<\/ul>\n<\/li>\n<li>Curation work<\/li>\n<li>Highlighting of the work of graphic designers for cinema<\/li>\n<li>Incubator of projects<\/li>\n<\/ul>\n<h4>Scope of action beyond the web platform:<\/h4>\n<ul>\n<li>Tailored film-programs for programmers according to the requirements or theme of a festival<\/li>\n<li>Representation of Cuba in festivals (film markets,&#8230;)<\/li>\n<\/ul>\n  <\/div>\n<\/div>\n\n\n<div class=\"collapse-container\">\n  <button class=\"collapse-button\" type=\"button\" data-toggle=\"collapse\"\n    data-target=\"#collapse-BVKt9p\"\n    aria-expanded=\"false\"\n    aria-controls=\"collapse-BVKt9p\">\n    OUR DATABASE  <\/button>\n  <div id=\"collapse-BVKt9p\"\n    class=\"collapse collapse-info \">\n    <p>Iroko provides an \u00ab in progress \u00bb database of Cuban films (features and shorts) and professionals of the film and audiovisual Cuban industry<\/p>\n<p>The Iroko database in figures :<\/p>\n<ul>\n<li>77 people cards<br \/>\nincluding 63 directors<\/li>\n<li>28 feature film cards<\/li>\n<li>95 short film cards<\/li>\n<li>63 posters<\/li>\n<\/ul>\n<p>M\u00e1s all\u00e1 de su vocaci\u00f3n de referenciamiento, nuestro sitio pone a disposici\u00f3n, con el acuerdo de los propietarios de derechos, filmes en acceso gratuito o en \u201cVideo on Demande\u201d<\/p>\n<ul>\n<li>Filmes en acceso gratuito: 25<\/li>\n<li>Filmes en VOD: 4<\/li>\n<\/ul>\n<p>Nuestro sitio intenta igualmente referenciar ofertas de VOD externas.<\/p>\n  <\/div>\n<\/div>\n\n\n<div class=\"collapse-container\">\n  <button class=\"collapse-button\" type=\"button\" data-toggle=\"collapse\"\n    data-target=\"#collapse-IT5SZg\"\n    aria-expanded=\"false\"\n    aria-controls=\"collapse-IT5SZg\">\n    OUR PARTNERS   <\/button>\n  <div id=\"collapse-IT5SZg\"\n    class=\"collapse collapse-info \">\n    <p>We present the institutions with which we have collaborated or are currently collaborating, as well as those that have given us their support.<\/p>\n<p>Initiative &#8220;Cuba en Corto&#8221; in 2019 and 2020 :<\/p>\n<ul class=\"list-unstyled\">\n<li class=\"media mt-1\"><a href=\"http:\/\/habanafilmfestival.com\/\" target=\"_blank\" rel=\"noopener\"><img decoding=\"async\" class=\"mr-1\" src=\"https:\/\/iroko.org\/wp-content\/uploads\/Logos_Festivals\/Festival-Internacional-del-Nuevo-Cine-Latinoamericano.jpg\" alt=\"\" width=\"150\" \/><\/a>\n<div class=\"media-body\"><a href=\"http:\/\/habanafilmfestival.com\/\" target=\"_blank\" rel=\"noopener\">Festival Internacional del Nuevo Cine de la Habana (Cuba)<\/a><\/div>\n<\/li>\n<li class=\"media mt-1\"><a href=\"http:\/\/www.muestrajoven.cult.cu\/\" target=\"_blank\" rel=\"noopener\"><img decoding=\"async\" class=\"mr-1\" src=\"https:\/\/iroko.org\/wp-content\/uploads\/Logos_Festivals\/Muestra-Joven-del-ICAIC.jpg\" alt=\"\" width=\"150\" \/><\/a>\n<div class=\"media-body\"><a href=\"http:\/\/www.muestrajoven.cult.cu\/\" target=\"_blank\" rel=\"noopener\">Muestra Joven del ICAIC (Cuba)<\/a><\/div>\n<\/li>\n<\/ul>\n<p>Coorganizadores del Festival Internacional de Cine Cubano Online 2020:<\/p>\n<ul class=\"list-unstyled\">\n<li class=\"media mt-1\"><a href=\"https:\/\/www.facebook.com\/cuarentenacinecuba\/\" target=\"_blank\" rel=\"noopener\"><img decoding=\"async\" class=\"mr-1\" src=\"https:\/\/iroko.org\/wp-content\/uploads\/Logos_Festivals\/Cine-Cubano-Cuarentena.png\" alt=\"\" width=\"150\" \/><\/a>\n<div class=\"media-body\"><a href=\"https:\/\/www.facebook.com\/cuarentenacinecuba\/\" target=\"_blank\" rel=\"noopener\">Cine cubano en cuarentena (Cuba)<\/a><\/div>\n<\/li>\n<li class=\"media mt-1\"><a href=\"https:\/\/www.facebook.com\/cinejovencubanoSur\/\" target=\"_blank\" rel=\"noopener\"><img decoding=\"async\" class=\"mr-1\" src=\"https:\/\/iroko.org\/wp-content\/uploads\/Logos_Festivals\/Cine-Joven-Cubano-en-el-Sur.png\" alt=\"\" width=\"150\" \/><\/a>\n<div class=\"media-body\"><a href=\"https:\/\/www.facebook.com\/cinejovencubanoSur\/\" target=\"_blank\" rel=\"noopener\">Cine Joven Cubano en el Sur (Uruguay)<\/a><\/div>\n<\/li>\n<li class=\"media mt-1\"><a href=\"https:\/\/www.facebook.com\/productoraST\/\" target=\"_blank\" rel=\"noopener\"><img decoding=\"async\" class=\"mr-1\" src=\"https:\/\/iroko.org\/wp-content\/uploads\/Logos_Festivals\/Estudio-ST.png\" alt=\"\" width=\"150\" \/><\/a>\n<div class=\"media-body\"><a href=\"https:\/\/www.facebook.com\/productoraST\/\" target=\"_blank\" rel=\"noopener\">Estudio ST (Cuba)<\/a><\/div>\n<\/li>\n<\/ul>\n<p>Connexi\u00f3n CineLatino 2019:<\/p>\n<ul class=\"list-unstyled\">\n<li class=\"media mt-1\"><a href=\"https:\/\/www.cinelatino.fr\/contenu\/connexions\" target=\"_blank\" rel=\"noopener\"><img decoding=\"async\" class=\"mr-1\" src=\"https:\/\/iroko.org\/wp-content\/uploads\/Logos_Festivals\/cine-latino-toulusse-1.png\" alt=\"\" width=\"150\" \/><\/a>\n<div class=\"media-body\"><a href=\"https:\/\/www.cinelatino.fr\/contenu\/connexions\" target=\"_blank\" rel=\"noopener\">CineLatino Rencontres de Toulouse (Francia)<\/a><\/div>\n<\/li>\n<\/ul>\n<p>Focus de Cine cubano en Festivales:<\/p>\n<ul>\n<li class=\"media\"><a href=\"https:\/\/www.slatinoff.org\/2019-book-program\" target=\"_blank\" rel=\"noopener\"><img decoding=\"async\" class=\"mr-1\" src=\"https:\/\/iroko.org\/wp-content\/uploads\/Logos_Festivals\/Seattle-Latino-Film-Festival-e1593315325785.png\" alt=\"\" width=\"150\" \/><\/a>\n<div class=\"media-body\"><a href=\"https:\/\/www.slatinoff.org\/2019-book-program\" target=\"_blank\" rel=\"noopener\">Seattle Latino Film Festival (USA) 2019<\/a><\/div>\n<\/li>\n<li class=\"media mt-1\"><a href=\"https:\/\/www.certamendecortossoria.org\/edicion-2019\/programa-2019.html\" target=\"_blank\" rel=\"noopener\"><img decoding=\"async\" class=\"mr-1\" src=\"https:\/\/iroko.org\/wp-content\/uploads\/Logos_Festivals\/Certamen-Cortos-Soria-2019.png\" alt=\"\" width=\"150\" \/><\/a>\n<div class=\"media-body\"><a href=\"https:\/\/www.certamendecortossoria.org\/edicion-2019\/programa-2019.html\" target=\"_blank\" rel=\"noopener\">Certamen de cortos Ciudad de Soria (Espa\u00f1a) 2019<\/a><\/div>\n<\/li>\n<\/ul>\n<p>Apoyos recibidos:<\/p>\n<ul class=\"list-unstyled\">\n<li class=\"media mt-1\"><a href=\"https:\/\/www.clermont-filmfest.org\/\" target=\"_blank\" rel=\"noopener\"><img decoding=\"async\" class=\"mr-1\" src=\"https:\/\/iroko.org\/wp-content\/uploads\/Logos_Festivals\/Clermont-Ferrand-Film-Festival.png\" alt=\"\" width=\"150\" \/><\/a>\n<div class=\"media-body\"><a href=\"https:\/\/www.clermont-filmfest.org\/\" target=\"_blank\" rel=\"noopener\">Clermont Ferrand International Short Film Festival; March\u00e9 du film (France) 2019<\/a><\/div>\n<\/li>\n<li class=\"media mt-1\"><a href=\"https:\/\/www.facebook.com\/festhome\/\" target=\"_blank\" rel=\"noopener\"><img decoding=\"async\" class=\"mr-1\" src=\"https:\/\/iroko.org\/wp-content\/uploads\/Logos_Festivals\/FestHome-1.png\" alt=\"\" width=\"150\" \/><\/a>\n<div class=\"media-body\"><a href=\"https:\/\/www.facebook.com\/festhome\/\" target=\"_blank\" rel=\"noopener\">FestHome; Apoyo a la distribuci\u00f3n de cortos cubanos. 2019<\/a><\/div>\n<\/li>\n<li class=\"media mt-1\"><a href=\"https:\/\/twitter.com\/shortfilmdepot\" target=\"_blank\" rel=\"noopener\"><img decoding=\"async\" class=\"mr-1\" src=\"https:\/\/iroko.org\/wp-content\/uploads\/Logos_Festivals\/ShortFilmDepot-1.jpeg\" alt=\"\" width=\"150\" \/><\/a>\n<div class=\"media-body\"><a href=\"https:\/\/twitter.com\/shortfilmdepot\" target=\"_blank\" rel=\"noopener\">ShortFilmDepot; Apoyo a la distribuci\u00f3n de cortos cubanos. 2019<\/a><\/div>\n<\/li>\n<\/ul>\n  <\/div>\n<\/div>\n\n\n<div class=\"collapse-container\">\n  <button class=\"collapse-button\" type=\"button\" data-toggle=\"collapse\"\n    data-target=\"#collapse-nVbfXM\"\n    aria-expanded=\"false\"\n    aria-controls=\"collapse-nVbfXM\">\n    CONTACT US  <\/button>\n  <div id=\"collapse-nVbfXM\"\n    class=\"collapse collapse-info \">\n    <div class=\"wpcf7 no-js\" id=\"wpcf7-f8436-o1\" lang=\"en-US\" dir=\"ltr\" data-wpcf7-id=\"8436\">\n<div class=\"screen-reader-response\">\n<p role=\"status\" aria-live=\"polite\" aria-atomic=\"true\">\n<ul><\/ul>\n<\/div>\n<form action=\"\/en\/wp-json\/wp\/v2\/pages\/2323#wpcf7-f8436-o1\" method=\"post\" class=\"wpcf7-form init\" aria-label=\"Contact form\" novalidate=\"novalidate\" data-status=\"init\">\n<fieldset class=\"hidden-fields-container\"><input type=\"hidden\" name=\"_wpcf7\" value=\"8436\" \/><input type=\"hidden\" name=\"_wpcf7_version\" value=\"6.1.5\" \/><input type=\"hidden\" name=\"_wpcf7_locale\" value=\"en_US\" \/><input type=\"hidden\" name=\"_wpcf7_unit_tag\" value=\"wpcf7-f8436-o1\" \/><input type=\"hidden\" name=\"_wpcf7_container_post\" value=\"0\" \/><input type=\"hidden\" name=\"_wpcf7_posted_data_hash\" value=\"\" \/><br \/>\n<\/fieldset>\n<p><label> Name (required)<br \/>\n<span class=\"wpcf7-form-control-wrap\" data-name=\"your-name\"><input size=\"40\" maxlength=\"400\" class=\"wpcf7-form-control wpcf7-text wpcf7-validates-as-required\" aria-required=\"true\" aria-invalid=\"false\" value=\"\" type=\"text\" name=\"your-name\" \/><\/span> <\/label>\n<\/p>\n<p><label> Email (required)<br \/>\n<span class=\"wpcf7-form-control-wrap\" data-name=\"your-email\"><input size=\"40\" maxlength=\"400\" class=\"wpcf7-form-control wpcf7-email wpcf7-validates-as-required wpcf7-text wpcf7-validates-as-email\" aria-required=\"true\" aria-invalid=\"false\" value=\"\" type=\"email\" name=\"your-email\" \/><\/span> <\/label>\n<\/p>\n<p><label> Subject<br \/>\n<span class=\"wpcf7-form-control-wrap\" data-name=\"your-subject\"><input size=\"40\" maxlength=\"400\" class=\"wpcf7-form-control wpcf7-text\" aria-invalid=\"false\" value=\"\" type=\"text\" name=\"your-subject\" \/><\/span> <\/label>\n<\/p>\n<p><label> Message<br \/>\n<span class=\"wpcf7-form-control-wrap\" data-name=\"your-message\"><textarea cols=\"40\" rows=\"10\" maxlength=\"2000\" class=\"wpcf7-form-control wpcf7-textarea\" aria-invalid=\"false\" name=\"your-message\"><\/textarea><\/span> <\/label>\n<\/p>\n<p><input class=\"wpcf7-form-control wpcf7-submit has-spinner\" type=\"submit\" value=\"Send\" \/>\n<\/p>\n<div class=\"wpcf7-response-output\" aria-hidden=\"true\"><\/div>\n<\/form>\n<\/div>\n  <\/div>\n<\/div>\n\n\n<div class=\"collapse-container\">\n  <button class=\"collapse-button\" type=\"button\" data-toggle=\"collapse\"\n    data-target=\"#collapse-F4l3j7\"\n    aria-expanded=\"false\"\n    aria-controls=\"collapse-F4l3j7\">\n    MAKE A DONATION  <\/button>\n  <div id=\"collapse-F4l3j7\"\n    class=\"collapse collapse-info \">\n    <p>If you wish, you can make a donation to our association so that we can continue developing our work and undertake other initiatives to support Cuban cinema.<\/p>\n<div class=\"text-center\">\n<form action=\"https:\/\/www.paypal.com\/cgi-bin\/webscr\" method=\"post\" target=\"_top\"><input name=\"hosted_button_id\" type=\"hidden\" value=\"FK682ZFWBQZRG\" \/><br \/>\n<input title=\"PayPal - The safer, easier way to pay online!\" alt=\"Donate with PayPal button\" name=\"submit\" src=\"https:\/\/www.paypalobjects.com\/en_US\/FR\/i\/btn\/btn_donateCC_LG.gif\" type=\"image\" \/><br \/>\n<img loading=\"lazy\" decoding=\"async\" src=\"https:\/\/www.paypal.com\/en_FR\/i\/scr\/pixel.gif\" alt=\"\" width=\"1\" height=\"1\" border=\"0\" \/><\/form>\n<\/div>\n  <\/div>\n<\/div>","protected":false},"excerpt":{"rendered":"","protected":false},"author":1,"featured_media":0,"parent":0,"menu_order":0,"comment_status":"closed","ping_status":"closed","template":"content-page.php","meta":{"inline_featured_image":false,"footnotes":""},"class_list":["post-2323","page","type-page","status-publish","hentry"],"acf":[],"_links":{"self":[{"href":"https:\/\/iroko.org\/en\/wp-json\/wp\/v2\/pages\/2323","targetHints":{"allow":["GET"]}}],"collection":[{"href":"https:\/\/iroko.org\/en\/wp-json\/wp\/v2\/pages"}],"about":[{"href":"https:\/\/iroko.org\/en\/wp-json\/wp\/v2\/types\/page"}],"author":[{"embeddable":true,"href":"https:\/\/iroko.org\/en\/wp-json\/wp\/v2\/users\/1"}],"replies":[{"embeddable":true,"href":"https:\/\/iroko.org\/en\/wp-json\/wp\/v2\/comments?post=2323"}],"version-history":[{"count":111,"href":"https:\/\/iroko.org\/en\/wp-json\/wp\/v2\/pages\/2323\/revisions"}],"predecessor-version":[{"id":8562,"href":"https:\/\/iroko.org\/en\/wp-json\/wp\/v2\/pages\/2323\/revisions\/8562"}],"wp:attachment":[{"href":"https:\/\/iroko.org\/en\/wp-json\/wp\/v2\/media?parent=2323"}],"curies":[{"name":"wp","href":"https:\/\/api.w.org\/{rel}","templated":true}]}}