{"id":6813,"date":"2019-02-03T21:52:20","date_gmt":"2019-02-03T21:52:20","guid":{"rendered":"https:\/\/iroko.org\/?page_id=6813"},"modified":"2021-12-14T12:00:18","modified_gmt":"2021-12-14T12:00:18","slug":"quienes-somos","status":"publish","type":"page","link":"https:\/\/iroko.org\/es\/quienes-somos\/","title":{"rendered":"Sobre Nosotros"},"content":{"rendered":"\n<div class=\"collapse-container\">\n  <button class=\"collapse-button\" type=\"button\" data-toggle=\"collapse\"\n    data-target=\"#collapse-eg2FJh\"\n    aria-expanded=\"true\"\n    aria-controls=\"collapse-eg2FJh\">\n    NUESTRA MISION  <\/button>\n  <div id=\"collapse-eg2FJh\"\n    class=\"collapse collapse-info show\">\n    <p>Rico en su diversidad, su historia, sus talentos y de la curiosidad de los que lo hacen vivir, el cine cubano es hoy demasiado confidencial y no ocupa el lugar que merece en la escena internacional. Partiendo de este hecho, IROKO se ha fijado como objetivo hacer brillar el cine cubano. Asegurar su representaci\u00f3n y su promoci\u00f3n tanto para cin\u00e9filos aficionados como profesionales a trav\u00e9s de una plataforma web que extiende su acci\u00f3n a festivales y busca medios concretos de acci\u00f3n para sostener la producci\u00f3n, la promoci\u00f3n y la difusi\u00f3n del cine cubano.<\/p>\n<p>Bajo el r\u00e9gimen franc\u00e9s de la ley de 1901 sobre las asociaciones, su gesti\u00f3n es desinteresada, su misi\u00f3n reconocida de inter\u00e9s general y sin \u00e1nimo de lucro. De esta manera, todas las ganancias que se puedan realizar ser\u00e1n afectadas a la financiaci\u00f3n de las acciones de apoyo que se propone llevar a cabo la asociaci\u00f3n.<\/p>\n  <\/div>\n<\/div>\n\n\n<div class=\"collapse-container\">\n  <button class=\"collapse-button\" type=\"button\" data-toggle=\"collapse\"\n    data-target=\"#collapse-QSyPMl\"\n    aria-expanded=\"false\"\n    aria-controls=\"collapse-QSyPMl\">\n    NUESTROS SERVICIOS  <\/button>\n  <div id=\"collapse-QSyPMl\"\n    class=\"collapse collapse-info \">\n    <h4>Plataforma web dedicada a la promoci\u00f3n y a la difusi\u00f3n del cine cubano<\/h4>\n<p>Una plataforma web (esp\/ing\/fra) que centraliza la informaci\u00f3n y la producci\u00f3n cinematogr\u00e1ficas cubanas, garantizando su acceso en todo el mundo.<\/p>\n<ul>\n<li>Referenciamiento del cine cubano<\/li>\n<li>Oferta VOD. Alquiler \/ venta de pel\u00edculas a la unidad<\/li>\n<li>Puesta en relieve de pel\u00edculas en acceso libre<\/li>\n<li>Trabajo de curadur\u00eda<\/li>\n<li>Valorizaci\u00f3n del trabajo de los grafistas alrededor del 7mo arte.<\/li>\n<li>Vivero de proyectos. Visibilidad para proyectos en desarrollo y Work in Progress.<\/li>\n<\/ul>\n<h4>Mas all\u00e1 de la plataforma web, un per\u00edmetro de acci\u00f3n<\/h4>\n<ul>\n<li>Programas llave en man dirigidos a los programadores seg\u00fan demandas o tema de un festival<\/li>\n<li>Representaci\u00f3n de cuba en los festivales y mercados de cine<\/li>\n<\/ul>\n  <\/div>\n<\/div>\n\n\n<div class=\"collapse-container\">\n  <button class=\"collapse-button\" type=\"button\" data-toggle=\"collapse\"\n    data-target=\"#collapse-KB46ko\"\n    aria-expanded=\"false\"\n    aria-controls=\"collapse-KB46ko\">\n    NUESTRA BASE DE DATOS  <\/button>\n  <div id=\"collapse-KB46ko\"\n    class=\"collapse collapse-info \">\n    <p>Iroko dispone de una base de datos sobre los filmes cubanos (largometrajes o cortometrajes) as\u00ed como sobre los profesionales de la industria cinematogr\u00e1fica que trabajan en el cine cubano y que esta en permanente crecimiento.<\/p>\n<p>La base de datos de Iroko en pocas cifras:<\/p>\n<ul>\n<li>77 fichas de personas<br \/>\nentre ellos 63 realizadores y realizadoras<\/li>\n<li>28 fichas de largometrajes<\/li>\n<li>95 fichas de cortometrajes<\/li>\n<li>59 carteles<\/li>\n<\/ul>\n<p>M\u00e1s all\u00e1 de su vocaci\u00f3n de referenciamiento, nuestro sitio pone a disposici\u00f3n, con el acuerdo de los propietarios de derechos, filmes en acceso gratuito o en \u201cVideo on Demande\u201d<\/p>\n<ul>\n<li>Filmes en acceso gratuito: 25<\/li>\n<li>Filmes en VOD: 4<\/li>\n<\/ul>\n<p>Nuestro sitio intenta igualmente referenciar ofertas de VOD externas.<\/p>\n  <\/div>\n<\/div>\n\n\n<div class=\"collapse-container\">\n  <button class=\"collapse-button\" type=\"button\" data-toggle=\"collapse\"\n    data-target=\"#collapse-VHPbt5\"\n    aria-expanded=\"false\"\n    aria-controls=\"collapse-VHPbt5\">\n    NUESTROS ALIADOS  <\/button>\n  <div id=\"collapse-VHPbt5\"\n    class=\"collapse collapse-info \">\n    <p>Presentamos las instituciones con las que hemos colaborado o estamos colaborando en estos momentos. Tambi\u00e9n aquellas que nos han brindado su apoyo.<\/p>\n<p>Iniciativa Cuba en Cortos 2019 y 2020:<\/p>\n<ul class=\"list-unstyled\">\n<li class=\"media mt-1\"><a href=\"http:\/\/habanafilmfestival.com\/\" target=\"_blank\" rel=\"noopener\"><img decoding=\"async\" class=\"mr-1\" src=\"https:\/\/iroko.org\/wp-content\/uploads\/Logos_Festivals\/Festival-Internacional-del-Nuevo-Cine-Latinoamericano.jpg\" alt=\"\" width=\"150\"><\/a>\n<div class=\"media-body\"><a href=\"http:\/\/habanafilmfestival.com\/\" target=\"_blank\" rel=\"noopener\">Festival Internacional del Nuevo Cine de la Habana (Cuba)<\/a><\/div>\n<\/li>\n<li class=\"media mt-1\"><a href=\"http:\/\/www.muestrajoven.cult.cu\/\" target=\"_blank\" rel=\"noopener\"><img decoding=\"async\" class=\"mr-1\" src=\"https:\/\/iroko.org\/wp-content\/uploads\/Logos_Festivals\/Muestra-Joven-del-ICAIC.jpg\" alt=\"\" width=\"150\"><\/a>\n<div class=\"media-body\"><a href=\"http:\/\/www.muestrajoven.cult.cu\/\" target=\"_blank\" rel=\"noopener\">Muestra Joven del ICAIC (Cuba)<\/a><\/div>\n<\/li>\n<\/ul>\n<p>Coorganizadores del Festival Internacional de Cine Cubano Online 2020:<\/p>\n<ul class=\"list-unstyled\">\n<li class=\"media mt-1\"><a href=\"https:\/\/www.facebook.com\/cuarentenacinecuba\/\" target=\"_blank\" rel=\"noopener\"><img decoding=\"async\" class=\"mr-1\" src=\"https:\/\/iroko.org\/wp-content\/uploads\/Logos_Festivals\/Cine-Cubano-Cuarentena.png\" alt=\"\" width=\"150\"><\/a>\n<div class=\"media-body\"><a href=\"https:\/\/www.facebook.com\/cuarentenacinecuba\/\" target=\"_blank\" rel=\"noopener\">Cine cubano en cuarentena (Cuba)<\/a><\/div>\n<\/li>\n<li class=\"media mt-1\"><a href=\"https:\/\/www.facebook.com\/cinejovencubanoSur\/\" target=\"_blank\" rel=\"noopener\"><img decoding=\"async\" class=\"mr-1\" src=\"https:\/\/iroko.org\/wp-content\/uploads\/Logos_Festivals\/Cine-Joven-Cubano-en-el-Sur.png\" alt=\"\" width=\"150\"><\/a>\n<div class=\"media-body\"><a href=\"https:\/\/www.facebook.com\/cinejovencubanoSur\/\" target=\"_blank\" rel=\"noopener\">Cine Joven Cubano en el Sur (Uruguay)<\/a><\/div>\n<\/li>\n<li class=\"media mt-1\"><a href=\"https:\/\/www.facebook.com\/productoraST\/\" target=\"_blank\" rel=\"noopener\"><img decoding=\"async\" class=\"mr-1\" src=\"https:\/\/iroko.org\/wp-content\/uploads\/Logos_Festivals\/Estudio-ST.png\" alt=\"\" width=\"150\"><\/a>\n<div class=\"media-body\"><a href=\"https:\/\/www.facebook.com\/productoraST\/\" target=\"_blank\" rel=\"noopener\">Estudio ST (Cuba)<\/a><\/div>\n<\/li>\n<\/ul>\n<p>Connexi\u00f3n CineLatino 2019:<\/p>\n<ul class=\"list-unstyled\">\n<li class=\"media mt-1\"><a href=\"https:\/\/www.cinelatino.fr\/contenu\/connexions\" target=\"_blank\" rel=\"noopener\"><img decoding=\"async\" class=\"mr-1\" src=\"https:\/\/iroko.org\/wp-content\/uploads\/Logos_Festivals\/cine-latino-toulusse-1.png\" alt=\"\" width=\"150\"><\/a>\n<div class=\"media-body\"><a href=\"https:\/\/www.cinelatino.fr\/contenu\/connexions\" target=\"_blank\" rel=\"noopener\">CineLatino Rencontres de Toulouse (Francia)<\/a><\/div>\n<\/li>\n<\/ul>\n<p>Focus de Cine cubano en Festivales:<\/p>\n<ul>\n<li class=\"media\"><a href=\"https:\/\/www.slatinoff.org\/2019-book-program\" target=\"_blank\" rel=\"noopener\"><img decoding=\"async\" class=\"mr-1\" src=\"https:\/\/iroko.org\/wp-content\/uploads\/Logos_Festivals\/Seattle-Latino-Film-Festival-e1593315325785.png\" alt=\"\" width=\"150\"><\/a>\n<div class=\"media-body\"><a href=\"https:\/\/www.slatinoff.org\/2019-book-program\" target=\"_blank\" rel=\"noopener\">Seattle Latino Film Festival (USA) 2019<\/a><\/div>\n<\/li>\n<li class=\"media mt-1\"><a href=\"https:\/\/www.certamendecortossoria.org\/edicion-2019\/programa-2019.html\" target=\"_blank\" rel=\"noopener\"><img decoding=\"async\" class=\"mr-1\" src=\"https:\/\/iroko.org\/wp-content\/uploads\/Logos_Festivals\/Certamen-Cortos-Soria-2019.png\" alt=\"\" width=\"150\"><\/a>\n<div class=\"media-body\"><a href=\"https:\/\/www.certamendecortossoria.org\/edicion-2019\/programa-2019.html\" target=\"_blank\" rel=\"noopener\">Certamen de cortos Ciudad de Soria (Espa\u00f1a) 2019<\/a><\/div>\n<\/li>\n<\/ul>\n<p>Apoyos recibidos:<\/p>\n<ul class=\"list-unstyled\">\n<li class=\"media mt-1\"><a href=\"https:\/\/www.clermont-filmfest.org\/\" target=\"_blank\" rel=\"noopener\"><img decoding=\"async\" class=\"mr-1\" src=\"https:\/\/iroko.org\/wp-content\/uploads\/Logos_Festivals\/Clermont-Ferrand-Film-Festival.png\" alt=\"\" width=\"150\"><\/a>\n<div class=\"media-body\"><a href=\"https:\/\/www.clermont-filmfest.org\/\" target=\"_blank\" rel=\"noopener\">Clermont Ferrand International Short Film Festival; March\u00e9 du film (France) 2019<\/a><\/div>\n<\/li>\n<li class=\"media mt-1\"><a href=\"https:\/\/www.facebook.com\/festhome\/\" target=\"_blank\" rel=\"noopener\"><img decoding=\"async\" class=\"mr-1\" src=\"https:\/\/iroko.org\/wp-content\/uploads\/Logos_Festivals\/FestHome-1.png\" alt=\"\" width=\"150\"><\/a>\n<div class=\"media-body\"><a href=\"https:\/\/www.facebook.com\/festhome\/\" target=\"_blank\" rel=\"noopener\">FestHome; Apoyo a la distribuci\u00f3n de cortos cubanos. 2019<\/a><\/div>\n<\/li>\n<li class=\"media mt-1\"><a href=\"https:\/\/twitter.com\/shortfilmdepot\" target=\"_blank\" rel=\"noopener\"><img decoding=\"async\" class=\"mr-1\" src=\"https:\/\/iroko.org\/wp-content\/uploads\/Logos_Festivals\/ShortFilmDepot-1.jpeg\" alt=\"\" width=\"150\"><\/a>\n<div class=\"media-body\"><a href=\"https:\/\/twitter.com\/shortfilmdepot\" target=\"_blank\" rel=\"noopener\">ShortFilmDepot; Apoyo a la distribuci\u00f3n de cortos cubanos. 2019<\/a><\/div>\n<\/li>\n<\/ul>\n  <\/div>\n<\/div>\n\n\n<div class=\"collapse-container\">\n  <button class=\"collapse-button\" type=\"button\" data-toggle=\"collapse\"\n    data-target=\"#collapse-v8w661\"\n    aria-expanded=\"false\"\n    aria-controls=\"collapse-v8w661\">\n    CONTACTENOS  <\/button>\n  <div id=\"collapse-v8w661\"\n    class=\"collapse collapse-info \">\n    <div class=\"wpcf7 no-js\" id=\"wpcf7-f8436-o1\" lang=\"en-US\" dir=\"ltr\" data-wpcf7-id=\"8436\">\n<div class=\"screen-reader-response\">\n<p role=\"status\" aria-live=\"polite\" aria-atomic=\"true\">\n<ul><\/ul>\n<\/div>\n<form action=\"\/es\/wp-json\/wp\/v2\/pages\/6813#wpcf7-f8436-o1\" method=\"post\" class=\"wpcf7-form init\" aria-label=\"Contact form\" novalidate=\"novalidate\" data-status=\"init\">\n<fieldset class=\"hidden-fields-container\"><input type=\"hidden\" name=\"_wpcf7\" value=\"8436\" \/><input type=\"hidden\" name=\"_wpcf7_version\" value=\"6.1.3\" \/><input type=\"hidden\" name=\"_wpcf7_locale\" value=\"en_US\" \/><input type=\"hidden\" name=\"_wpcf7_unit_tag\" value=\"wpcf7-f8436-o1\" \/><input type=\"hidden\" name=\"_wpcf7_container_post\" value=\"0\" \/><input type=\"hidden\" name=\"_wpcf7_posted_data_hash\" value=\"\" \/><br \/>\n<\/fieldset>\n<p><label> Name (required)<br \/>\n<span class=\"wpcf7-form-control-wrap\" data-name=\"your-name\"><input size=\"40\" maxlength=\"400\" class=\"wpcf7-form-control wpcf7-text wpcf7-validates-as-required\" aria-required=\"true\" aria-invalid=\"false\" value=\"\" type=\"text\" name=\"your-name\" \/><\/span> <\/label>\n<\/p>\n<p><label> Email (required)<br \/>\n<span class=\"wpcf7-form-control-wrap\" data-name=\"your-email\"><input size=\"40\" maxlength=\"400\" class=\"wpcf7-form-control wpcf7-email wpcf7-validates-as-required wpcf7-text wpcf7-validates-as-email\" aria-required=\"true\" aria-invalid=\"false\" value=\"\" type=\"email\" name=\"your-email\" \/><\/span> <\/label>\n<\/p>\n<p><label> Subject<br \/>\n<span class=\"wpcf7-form-control-wrap\" data-name=\"your-subject\"><input size=\"40\" maxlength=\"400\" class=\"wpcf7-form-control wpcf7-text\" aria-invalid=\"false\" value=\"\" type=\"text\" name=\"your-subject\" \/><\/span> <\/label>\n<\/p>\n<p><label> Message<br \/>\n<span class=\"wpcf7-form-control-wrap\" data-name=\"your-message\"><textarea cols=\"40\" rows=\"10\" maxlength=\"2000\" class=\"wpcf7-form-control wpcf7-textarea\" aria-invalid=\"false\" name=\"your-message\"><\/textarea><\/span> <\/label>\n<\/p>\n<p><input class=\"wpcf7-form-control wpcf7-submit has-spinner\" type=\"submit\" value=\"Send\" \/>\n<\/p>\n<div class=\"wpcf7-response-output\" aria-hidden=\"true\"><\/div>\n<\/form>\n<\/div>\n  <\/div>\n<\/div>\n\n\n<div class=\"collapse-container\">\n  <button class=\"collapse-button\" type=\"button\" data-toggle=\"collapse\"\n    data-target=\"#collapse-9F234u\"\n    aria-expanded=\"false\"\n    aria-controls=\"collapse-9F234u\">\n    HAGA UN DON  <\/button>\n  <div id=\"collapse-9F234u\"\n    class=\"collapse collapse-info \">\n    <p>Si as\u00ed lo desea puede efectuar una donacion a nuestra asociacion para que podamos continuar desarrollando nuestro trabajo y emprender otras iniciativas de apoyo al cine cubano.<\/p>\n<div class=\"text-center\">\n<form action=\"https:\/\/www.paypal.com\/cgi-bin\/webscr\" method=\"post\" target=\"_top\"><input name=\"hosted_button_id\" type=\"hidden\" value=\"FK682ZFWBQZRG\"><br \/>\n<input title=\"PayPal - The safer, easier way to pay online!\" alt=\"Donate with PayPal button\" name=\"submit\" src=\"https:\/\/www.paypalobjects.com\/en_US\/FR\/i\/btn\/btn_donateCC_LG.gif\" type=\"image\"><br \/>\n<img loading=\"lazy\" decoding=\"async\" src=\"https:\/\/www.paypal.com\/en_FR\/i\/scr\/pixel.gif\" alt=\"\" width=\"1\" height=\"1\" border=\"0\"><\/form>\n<\/div>\n  <\/div>\n<\/div>","protected":false},"excerpt":{"rendered":"","protected":false},"author":1,"featured_media":0,"parent":0,"menu_order":0,"comment_status":"closed","ping_status":"closed","template":"content-page.php","meta":{"inline_featured_image":false,"footnotes":""},"class_list":["post-6813","page","type-page","status-publish","hentry"],"acf":[],"_links":{"self":[{"href":"https:\/\/iroko.org\/es\/wp-json\/wp\/v2\/pages\/6813","targetHints":{"allow":["GET"]}}],"collection":[{"href":"https:\/\/iroko.org\/es\/wp-json\/wp\/v2\/pages"}],"about":[{"href":"https:\/\/iroko.org\/es\/wp-json\/wp\/v2\/types\/page"}],"author":[{"embeddable":true,"href":"https:\/\/iroko.org\/es\/wp-json\/wp\/v2\/users\/1"}],"replies":[{"embeddable":true,"href":"https:\/\/iroko.org\/es\/wp-json\/wp\/v2\/comments?post=6813"}],"version-history":[{"count":12,"href":"https:\/\/iroko.org\/es\/wp-json\/wp\/v2\/pages\/6813\/revisions"}],"predecessor-version":[{"id":8555,"href":"https:\/\/iroko.org\/es\/wp-json\/wp\/v2\/pages\/6813\/revisions\/8555"}],"wp:attachment":[{"href":"https:\/\/iroko.org\/es\/wp-json\/wp\/v2\/media?parent=6813"}],"curies":[{"name":"wp","href":"https:\/\/api.w.org\/{rel}","templated":true}]}}