{"id":6811,"date":"2019-02-03T21:52:20","date_gmt":"2019-02-03T21:52:20","guid":{"rendered":"https:\/\/iroko.org\/?page_id=6811"},"modified":"2021-12-14T11:56:54","modified_gmt":"2021-12-14T11:56:54","slug":"qui-sommes-nous","status":"publish","type":"page","link":"https:\/\/iroko.org\/fr\/qui-sommes-nous\/","title":{"rendered":"Qui sommes-nous"},"content":{"rendered":"\n<div class=\"collapse-container\">\n  <button class=\"collapse-button\" type=\"button\" data-toggle=\"collapse\"\n    data-target=\"#collapse-vJaYqq\"\n    aria-expanded=\"true\"\n    aria-controls=\"collapse-vJaYqq\">\n    NOTRE MISSION  <\/button>\n  <div id=\"collapse-vJaYqq\"\n    class=\"collapse collapse-info show\">\n    <p>Riche de sa diversit\u00e9, de son histoire, de ses talents et de la curiosit\u00e9 de ceux qui le font vivre, le cin\u00e9ma cubain est aujourd&#8217;hui trop confidentiel et n&#8217;occupe pas la place qu&#8217;il m\u00e9rite sur la sc\u00e8ne internationale. Partant de ce constat, IROKO s&#8217;est fix\u00e9 comme objectif de faire briller le cin\u00e9ma cubain. Assurer sa repr\u00e9sentation et sa promotion aupr\u00e8s des cin\u00e9philes amateurs et professionnels \u00e0 travers une plateforme web qui \u00e9tend son action aux festivals et rechercher des moyens d&#8217;action concrets pour soutenir la production, la promotion et la diffusion du cin\u00e9ma cubain.<\/p>\n<p>Sous le r\u00e9gime fran\u00e7ais de la loi de 1901 sur les associations, sa gestion est d\u00e9sint\u00e9ress\u00e9e, sa mission \u00e9tant reconnue d&#8217;int\u00e9r\u00eat g\u00e9n\u00e9ral et sans but lucratif. Ainsi, tous les b\u00e9n\u00e9fices qui pourront \u00eatre r\u00e9alis\u00e9s seront affect\u00e9s au financement des actions de soutien que l&#8217;association entend mener.<\/p>\n  <\/div>\n<\/div>\n\n\n<div class=\"collapse-container\">\n  <button class=\"collapse-button\" type=\"button\" data-toggle=\"collapse\"\n    data-target=\"#collapse-uAmBG4\"\n    aria-expanded=\"false\"\n    aria-controls=\"collapse-uAmBG4\">\n    NOS SERVICES  <\/button>\n  <div id=\"collapse-uAmBG4\"\n    class=\"collapse collapse-info \">\n    <h4>Plateforme web d\u00e9di\u00e9e \u00e0 la promotion et \u00e0 la diffusion du cin\u00e9ma cubain<\/h4>\n<p>Une plateforme web (esp\/ang\/fra) centralisant l&#8217;information sur les productions cin\u00e9matographiques cubaines, qui vise \u00e0 garantir l&#8217;acc\u00e8s \u00e0 celles-ci dans le monde entier.<\/p>\n<ul>\n<li>R\u00e9f\u00e9rencement du cin\u00e9ma cubain<\/li>\n<li>Offre VOD Location \/ vente de films \u00e0 l&#8217;unit\u00e9<\/li>\n<li>Films en acc\u00e8s gratuit<\/li>\n<li>Travail de curation<\/li>\n<li>Valorisation du travail des graphistes autour du 7e art.<\/li>\n<li>P\u00e9pini\u00e8re de projets Visibilidad para proyectos en desarrollo y Work in Progress.<\/li>\n<\/ul>\n<h4>P\u00e9rim\u00e8tre d&#8217;action au-del\u00e0 de la plateforme web :<\/h4>\n<ul>\n<li>Programmes cl\u00e9s en main destin\u00e9s aux programmateurs en fonction des exigences ou du th\u00e8me d&#8217;un festival<\/li>\n<li>Repr\u00e9sentation de Cuba dans les festivals (march\u00e9s du film, \u2026)<\/li>\n<\/ul>\n  <\/div>\n<\/div>\n\n\n<div class=\"collapse-container\">\n  <button class=\"collapse-button\" type=\"button\" data-toggle=\"collapse\"\n    data-target=\"#collapse-Axv9Y0\"\n    aria-expanded=\"false\"\n    aria-controls=\"collapse-Axv9Y0\">\n    NOTRE BASE DE DONNEES  <\/button>\n  <div id=\"collapse-Axv9Y0\"\n    class=\"collapse collapse-info \">\n    <p>Iroko met \u00e0 disposition une base de donn\u00e9es portant sur les films cubains (longs et courts-m\u00e9trages) ainsi que sur les professionnels de l&#8217;industrie cin\u00e9matographique et audiovisuelle cubaine.<\/p>\n<p>La base de donn\u00e9es Iroko en quelques chiffres :<\/p>\n<ul>\n<li>76 fiches de personnes<br \/>\nparmi eux 63 r\u00e9alisateurs et r\u00e9alisatrices<\/li>\n<li>28 fiches de longs m\u00e9trages<\/li>\n<li>95 fiches de courts-m\u00e9trages<\/li>\n<li>59 affiches<\/li>\n<\/ul>\n<p>Au-del\u00e0 de sa vocation de r\u00e9f\u00e9rencement, notre site met \u00e0 disposition, avec l&#8217;accord des ayants droit, des films en libre acc\u00e8s ou en &#8220;Vid\u00e9o \u00e0 la demande&#8221;.<\/p>\n<ul>\n<li>Films en acc\u00e8s gratuit: 25<\/li>\n<li>Films en VOD: 4<\/li>\n<\/ul>\n<p>Notre site tente \u00e9galement de r\u00e9f\u00e9rencer les offres de VOD externes.<\/p>\n  <\/div>\n<\/div>\n\n\n<div class=\"collapse-container\">\n  <button class=\"collapse-button\" type=\"button\" data-toggle=\"collapse\"\n    data-target=\"#collapse-7ZLaqb\"\n    aria-expanded=\"false\"\n    aria-controls=\"collapse-7ZLaqb\">\n    NOS PARTENAIRES  <\/button>\n  <div id=\"collapse-7ZLaqb\"\n    class=\"collapse collapse-info \">\n    <p>Nous vous pr\u00e9sentons les institutions avec lesquelles nous avons collabor\u00e9 ou collaborons actuellement ainsi qu&#8217;avec celles qui nous ont apport\u00e9 leur soutien.<\/p>\n<p>Initiative \u201cCuba en corto\u201d en 2019 et 2020 :<\/p>\n<ul class=\"list-unstyled\">\n<li class=\"media mt-1\"><a href=\"http:\/\/habanafilmfestival.com\/\" target=\"_blank\" rel=\"noopener\"><img decoding=\"async\" class=\"mr-1\" src=\"https:\/\/iroko.org\/wp-content\/uploads\/Logos_Festivals\/Festival-Internacional-del-Nuevo-Cine-Latinoamericano.jpg\" alt=\"\" width=\"150\"><\/a>\n<div class=\"media-body\"><a href=\"http:\/\/habanafilmfestival.com\/\" target=\"_blank\" rel=\"noopener\">Festival Internacional del Nuevo Cine de la Habana (Cuba)<\/a><\/div>\n<\/li>\n<li class=\"media mt-1\"><a href=\"http:\/\/www.muestrajoven.cult.cu\/\" target=\"_blank\" rel=\"noopener\"><img decoding=\"async\" class=\"mr-1\" src=\"https:\/\/iroko.org\/wp-content\/uploads\/Logos_Festivals\/Muestra-Joven-del-ICAIC.jpg\" alt=\"\" width=\"150\"><\/a>\n<div class=\"media-body\"><a href=\"http:\/\/www.muestrajoven.cult.cu\/\" target=\"_blank\" rel=\"noopener\">Muestra Joven del ICAIC (Cuba)<\/a><\/div>\n<\/li>\n<\/ul>\n<p>Coorganizadores del Festival Internacional de Cine Cubano Online 2020:<\/p>\n<ul class=\"list-unstyled\">\n<li class=\"media mt-1\"><a href=\"https:\/\/www.facebook.com\/cuarentenacinecuba\/\" target=\"_blank\" rel=\"noopener\"><img decoding=\"async\" class=\"mr-1\" src=\"https:\/\/iroko.org\/wp-content\/uploads\/Logos_Festivals\/Cine-Cubano-Cuarentena.png\" alt=\"\" width=\"150\"><\/a>\n<div class=\"media-body\"><a href=\"https:\/\/www.facebook.com\/cuarentenacinecuba\/\" target=\"_blank\" rel=\"noopener\">Cine cubano en cuarentena (Cuba)<\/a><\/div>\n<\/li>\n<li class=\"media mt-1\"><a href=\"https:\/\/www.facebook.com\/cinejovencubanoSur\/\" target=\"_blank\" rel=\"noopener\"><img decoding=\"async\" class=\"mr-1\" src=\"https:\/\/iroko.org\/wp-content\/uploads\/Logos_Festivals\/Cine-Joven-Cubano-en-el-Sur.png\" alt=\"\" width=\"150\"><\/a>\n<div class=\"media-body\"><a href=\"https:\/\/www.facebook.com\/cinejovencubanoSur\/\" target=\"_blank\" rel=\"noopener\">Cine Joven Cubano en el Sur (Uruguay)<\/a><\/div>\n<\/li>\n<li class=\"media mt-1\"><a href=\"https:\/\/www.facebook.com\/productoraST\/\" target=\"_blank\" rel=\"noopener\"><img decoding=\"async\" class=\"mr-1\" src=\"https:\/\/iroko.org\/wp-content\/uploads\/Logos_Festivals\/Estudio-ST.png\" alt=\"\" width=\"150\"><\/a>\n<div class=\"media-body\"><a href=\"https:\/\/www.facebook.com\/productoraST\/\" target=\"_blank\" rel=\"noopener\">Estudio ST (Cuba)<\/a><\/div>\n<\/li>\n<\/ul>\n<p>Connexi\u00f3n CineLatino 2019:<\/p>\n<ul class=\"list-unstyled\">\n<li class=\"media mt-1\"><a href=\"https:\/\/www.cinelatino.fr\/contenu\/connexions\" target=\"_blank\" rel=\"noopener\"><img decoding=\"async\" class=\"mr-1\" src=\"https:\/\/iroko.org\/wp-content\/uploads\/Logos_Festivals\/cine-latino-toulusse-1.png\" alt=\"\" width=\"150\"><\/a>\n<div class=\"media-body\"><a href=\"https:\/\/www.cinelatino.fr\/contenu\/connexions\" target=\"_blank\" rel=\"noopener\">CineLatino Rencontres de Toulouse (Francia)<\/a><\/div>\n<\/li>\n<\/ul>\n<p>Focus sur le cin\u00e9ma cubain dans les festivals :<\/p>\n<ul>\n<li class=\"media\"><a href=\"https:\/\/www.slatinoff.org\/2019-book-program\" target=\"_blank\" rel=\"noopener\"><img decoding=\"async\" class=\"mr-1\" src=\"https:\/\/iroko.org\/wp-content\/uploads\/Logos_Festivals\/Seattle-Latino-Film-Festival-e1593315325785.png\" alt=\"\" width=\"150\"><\/a>\n<div class=\"media-body\"><a href=\"https:\/\/www.slatinoff.org\/2019-book-program\" target=\"_blank\" rel=\"noopener\">Seattle Latino Film Festival (USA) 2019<\/a><\/div>\n<\/li>\n<li class=\"media mt-1\"><a href=\"https:\/\/www.certamendecortossoria.org\/edicion-2019\/programa-2019.html\" target=\"_blank\" rel=\"noopener\"><img decoding=\"async\" class=\"mr-1\" src=\"https:\/\/iroko.org\/wp-content\/uploads\/Logos_Festivals\/Certamen-Cortos-Soria-2019.png\" alt=\"\" width=\"150\"><\/a>\n<div class=\"media-body\"><a href=\"https:\/\/www.certamendecortossoria.org\/edicion-2019\/programa-2019.html\" target=\"_blank\" rel=\"noopener\">Certamen de cortos Ciudad de Soria (Espa\u00f1a) 2019<\/a><\/div>\n<\/li>\n<\/ul>\n<p>Soutiens re\u00e7us :<\/p>\n<ul class=\"list-unstyled\">\n<li class=\"media mt-1\"><a href=\"https:\/\/www.clermont-filmfest.org\/\" target=\"_blank\" rel=\"noopener\"><img decoding=\"async\" class=\"mr-1\" src=\"https:\/\/iroko.org\/wp-content\/uploads\/Logos_Festivals\/Clermont-Ferrand-Film-Festival.png\" alt=\"\" width=\"150\"><\/a>\n<div class=\"media-body\"><a href=\"https:\/\/www.clermont-filmfest.org\/\" target=\"_blank\" rel=\"noopener\">Clermont Ferrand International Short Film Festival; March\u00e9 du film (France) 2019<\/a><\/div>\n<\/li>\n<li class=\"media mt-1\"><a href=\"https:\/\/www.facebook.com\/festhome\/\" target=\"_blank\" rel=\"noopener\"><img decoding=\"async\" class=\"mr-1\" src=\"https:\/\/iroko.org\/wp-content\/uploads\/Logos_Festivals\/FestHome-1.png\" alt=\"\" width=\"150\"><\/a>\n<div class=\"media-body\"><a href=\"https:\/\/www.facebook.com\/festhome\/\" target=\"_blank\" rel=\"noopener\">FestHome: Soutien \u00e0 la distribution de courts-m\u00e9trages cubains. 2019 2019<\/a><\/div>\n<\/li>\n<li class=\"media mt-1\"><a href=\"https:\/\/twitter.com\/shortfilmdepot\" target=\"_blank\" rel=\"noopener\"><img decoding=\"async\" class=\"mr-1\" src=\"https:\/\/iroko.org\/wp-content\/uploads\/Logos_Festivals\/ShortFilmDepot-1.jpeg\" alt=\"\" width=\"150\"><\/a>\n<div class=\"media-body\"><a href=\"https:\/\/twitter.com\/shortfilmdepot\" target=\"_blank\" rel=\"noopener\">ShortFilmDepot ; soutien \u00e0 la distribution de courts-m\u00e9trages cubains. 2019. 2019<\/a><\/div>\n<\/li>\n<\/ul>\n  <\/div>\n<\/div>\n\n\n<div class=\"collapse-container\">\n  <button class=\"collapse-button\" type=\"button\" data-toggle=\"collapse\"\n    data-target=\"#collapse-3vV4Ys\"\n    aria-expanded=\"false\"\n    aria-controls=\"collapse-3vV4Ys\">\n    CONTACTEZ-NOUS  <\/button>\n  <div id=\"collapse-3vV4Ys\"\n    class=\"collapse collapse-info \">\n    <div class=\"wpcf7 no-js\" id=\"wpcf7-f8436-o1\" lang=\"en-US\" dir=\"ltr\" data-wpcf7-id=\"8436\">\n<div class=\"screen-reader-response\">\n<p role=\"status\" aria-live=\"polite\" aria-atomic=\"true\">\n<ul><\/ul>\n<\/div>\n<form action=\"\/fr\/wp-json\/wp\/v2\/pages\/6811#wpcf7-f8436-o1\" method=\"post\" class=\"wpcf7-form init\" aria-label=\"Contact form\" novalidate=\"novalidate\" data-status=\"init\">\n<fieldset class=\"hidden-fields-container\"><input type=\"hidden\" name=\"_wpcf7\" value=\"8436\" \/><input type=\"hidden\" name=\"_wpcf7_version\" value=\"6.1.3\" \/><input type=\"hidden\" name=\"_wpcf7_locale\" value=\"en_US\" \/><input type=\"hidden\" name=\"_wpcf7_unit_tag\" value=\"wpcf7-f8436-o1\" \/><input type=\"hidden\" name=\"_wpcf7_container_post\" value=\"0\" \/><input type=\"hidden\" name=\"_wpcf7_posted_data_hash\" value=\"\" \/><br \/>\n<\/fieldset>\n<p><label> Name (required)<br \/>\n<span class=\"wpcf7-form-control-wrap\" data-name=\"your-name\"><input size=\"40\" maxlength=\"400\" class=\"wpcf7-form-control wpcf7-text wpcf7-validates-as-required\" aria-required=\"true\" aria-invalid=\"false\" value=\"\" type=\"text\" name=\"your-name\" \/><\/span> <\/label>\n<\/p>\n<p><label> Email (required)<br \/>\n<span class=\"wpcf7-form-control-wrap\" data-name=\"your-email\"><input size=\"40\" maxlength=\"400\" class=\"wpcf7-form-control wpcf7-email wpcf7-validates-as-required wpcf7-text wpcf7-validates-as-email\" aria-required=\"true\" aria-invalid=\"false\" value=\"\" type=\"email\" name=\"your-email\" \/><\/span> <\/label>\n<\/p>\n<p><label> Subject<br \/>\n<span class=\"wpcf7-form-control-wrap\" data-name=\"your-subject\"><input size=\"40\" maxlength=\"400\" class=\"wpcf7-form-control wpcf7-text\" aria-invalid=\"false\" value=\"\" type=\"text\" name=\"your-subject\" \/><\/span> <\/label>\n<\/p>\n<p><label> Message<br \/>\n<span class=\"wpcf7-form-control-wrap\" data-name=\"your-message\"><textarea cols=\"40\" rows=\"10\" maxlength=\"2000\" class=\"wpcf7-form-control wpcf7-textarea\" aria-invalid=\"false\" name=\"your-message\"><\/textarea><\/span> <\/label>\n<\/p>\n<p><input class=\"wpcf7-form-control wpcf7-submit has-spinner\" type=\"submit\" value=\"Send\" \/>\n<\/p>\n<div class=\"wpcf7-response-output\" aria-hidden=\"true\"><\/div>\n<\/form>\n<\/div>\n  <\/div>\n<\/div>\n\n\n<div class=\"collapse-container\">\n  <button class=\"collapse-button\" type=\"button\" data-toggle=\"collapse\"\n    data-target=\"#collapse-AwH9Ql\"\n    aria-expanded=\"false\"\n    aria-controls=\"collapse-AwH9Ql\">\n    FAIRE UN DON  <\/button>\n  <div id=\"collapse-AwH9Ql\"\n    class=\"collapse collapse-info \">\n    <p>Si vous le souhaitez, vous pouvez faire un don \u00e0 notre association afin que nous puissions continuer \u00e0 d\u00e9velopper notre travail et entreprendre d&#8217;autres initiatives pour soutenir le cin\u00e9ma cubain.<\/p>\n<div class=\"text-center\">\n<form action=\"https:\/\/www.paypal.com\/cgi-bin\/webscr\" method=\"post\" target=\"_top\"><input name=\"hosted_button_id\" type=\"hidden\" value=\"FK682ZFWBQZRG\"><br \/>\n<input title=\"PayPal - The safer, easier way to pay online!\" alt=\"Donate with PayPal button\" name=\"submit\" src=\"https:\/\/www.paypalobjects.com\/en_US\/FR\/i\/btn\/btn_donateCC_LG.gif\" type=\"image\"><br \/>\n<img loading=\"lazy\" decoding=\"async\" src=\"https:\/\/www.paypal.com\/en_FR\/i\/scr\/pixel.gif\" alt=\"\" width=\"1\" height=\"1\" border=\"0\"><\/form>\n<\/div>\n  <\/div>\n<\/div>","protected":false},"excerpt":{"rendered":"","protected":false},"author":1,"featured_media":0,"parent":0,"menu_order":0,"comment_status":"closed","ping_status":"closed","template":"content-page.php","meta":{"inline_featured_image":false,"footnotes":""},"class_list":["post-6811","page","type-page","status-publish","hentry"],"acf":[],"_links":{"self":[{"href":"https:\/\/iroko.org\/fr\/wp-json\/wp\/v2\/pages\/6811","targetHints":{"allow":["GET"]}}],"collection":[{"href":"https:\/\/iroko.org\/fr\/wp-json\/wp\/v2\/pages"}],"about":[{"href":"https:\/\/iroko.org\/fr\/wp-json\/wp\/v2\/types\/page"}],"author":[{"embeddable":true,"href":"https:\/\/iroko.org\/fr\/wp-json\/wp\/v2\/users\/1"}],"replies":[{"embeddable":true,"href":"https:\/\/iroko.org\/fr\/wp-json\/wp\/v2\/comments?post=6811"}],"version-history":[{"count":7,"href":"https:\/\/iroko.org\/fr\/wp-json\/wp\/v2\/pages\/6811\/revisions"}],"predecessor-version":[{"id":8552,"href":"https:\/\/iroko.org\/fr\/wp-json\/wp\/v2\/pages\/6811\/revisions\/8552"}],"wp:attachment":[{"href":"https:\/\/iroko.org\/fr\/wp-json\/wp\/v2\/media?parent=6811"}],"curies":[{"name":"wp","href":"https:\/\/api.w.org\/{rel}","templated":true}]}}